{"id":859,"date":"2014-05-08T08:32:49","date_gmt":"2014-05-08T08:32:49","guid":{"rendered":"https:\/\/www.hairfitistanbul.com\/istanbul-sac-ekim-merkezi\/"},"modified":"2019-07-11T09:59:48","modified_gmt":"2019-07-11T06:59:48","slug":"istanbul-sac-ekim-merkezi","status":"publish","type":"page","link":"https:\/\/www.hairfitistanbul.com\/es\/","title":{"rendered":"Estanbul Centro de Trasplante de Cabello"},"content":{"rendered":"<h2 style=\"text-align: center;\">Trasplante de Pelo<\/h2>\n<p style=\"text-align: center;\">El escaso o ausencia del cabello es uno de los mayores problemas est\u00e9ticos que afectan especialmente a los hombres. La p\u00e9rdida del cabello, que es una parte importante de la apariencia externa, puede causar problemas comprensibles e incluso situaciones m\u00e1s graves como la falta de confianza en s\u00ed mismo, ya que la apariencia externa es de gran importancia tanto para ellos como para sus relaciones privadas en el entorno social. .<\/p>\n<h4 style=\"text-align: center;\">\u00bfQu\u00e9 es en breve?<\/h4>\n<p style=\"text-align: center;\">Al igual que con el avance de la tecnolog\u00eda en medicina y en muchas otras \u00e1reas, han surgido aplicaciones pr\u00e1cticas y efectivas para la deficiencia y la p\u00e9rdida de cabello. Hoy en d\u00eda el trasplante de cabello es preferido por un gran n\u00famero de hombres y tiene resultados satisfactorios. Usando los m\u00e9todos FUE o DHI, se eliminan problemas como el cabello escaso o la p\u00e9rdida del cabello.<\/p>\n<h4 style=\"text-align: center;\">\u00bfCu\u00e1l es el proceso?<\/h4>\n<p style=\"text-align: center;\">El vello o el pelo en el propio cuerpo de una persona, se extrae del tejido y se coloca en otra \u00e1rea calva se llama trasplante de cabello. El trasplante de cabello es un tipo de trasplante de tejido. En este proceso se utiliza el propio tejido. Se aplica la anestesia local por un especialista en cirug\u00eda pl\u00e1stica y est\u00e9tica y de un tejido que contiene fol\u00edculos pilosos vivos o se toma de forma individual y se dividen en grupos a los que llamamos injertos simples, dobles y triples por el equipo profesional. Luego, estos fol\u00edculos pilosos se abren completamente o se diluyen con anestesia local y los micro canales se abren debajo de la piel y se colocan en estos canales uno por uno.<\/p>\n<p style=\"text-align: center;\">No dejes que su nombre te enga\u00f1e. Hoy en d\u00eda, se realizan implantes como cejas, barbas y bigotes.<\/p>\n","protected":false},"excerpt":{"rendered":"<p>Trasplante de Pelo El escaso o ausencia del cabello es uno de los mayores problemas est\u00e9ticos que afectan especialmente a los hombres. La p\u00e9rdida del cabello, que es una parte importante de la apariencia externa, puede causar problemas comprensibles e incluso situaciones m\u00e1s graves como la falta de confianza en s\u00ed mismo, ya que la [&hellip;]<\/p>\n","protected":false},"author":1,"featured_media":679,"parent":0,"menu_order":0,"comment_status":"open","ping_status":"open","template":"templates\/home.php","meta":{"footnotes":""},"class_list":["post-859","page","type-page","status-publish","has-post-thumbnail","hentry"],"aioseo_notices":[],"_links":{"self":[{"href":"https:\/\/www.hairfitistanbul.com\/es\/wp-json\/wp\/v2\/pages\/859","targetHints":{"allow":["GET"]}}],"collection":[{"href":"https:\/\/www.hairfitistanbul.com\/es\/wp-json\/wp\/v2\/pages"}],"about":[{"href":"https:\/\/www.hairfitistanbul.com\/es\/wp-json\/wp\/v2\/types\/page"}],"author":[{"embeddable":true,"href":"https:\/\/www.hairfitistanbul.com\/es\/wp-json\/wp\/v2\/users\/1"}],"replies":[{"embeddable":true,"href":"https:\/\/www.hairfitistanbul.com\/es\/wp-json\/wp\/v2\/comments?post=859"}],"version-history":[{"count":0,"href":"https:\/\/www.hairfitistanbul.com\/es\/wp-json\/wp\/v2\/pages\/859\/revisions"}],"wp:featuredmedia":[{"embeddable":true,"href":"https:\/\/www.hairfitistanbul.com\/es\/wp-json\/wp\/v2\/media\/679"}],"wp:attachment":[{"href":"https:\/\/www.hairfitistanbul.com\/es\/wp-json\/wp\/v2\/media?parent=859"}],"curies":[{"name":"wp","href":"https:\/\/api.w.org\/{rel}","templated":true}]}}