{"id":856,"date":"2019-07-03T23:36:00","date_gmt":"2019-07-03T20:36:00","guid":{"rendered":"https:\/\/www.hairfitistanbul.com\/sobre-nosotros\/"},"modified":"2019-07-03T23:36:00","modified_gmt":"2019-07-03T20:36:00","slug":"sobre-nosotros","status":"publish","type":"page","link":"https:\/\/www.hairfitistanbul.com\/es\/sobre-nosotros\/","title":{"rendered":"Sobre Nosotros"},"content":{"rendered":"<p>Y\u0131llar\u0131n \u0130stanbul&#8217;da sa\u00e7 ekimi deneyimiyle; tam te\u015fekk\u00fcll\u00fc \u00f6zel hastanede, konusunda uzman \u00e7al\u0131\u015fanlar\u0131m\u0131zla ve y\u00fcksek sterilizasyon standartlar\u0131nda, g\u00fcvenilir hizmet vermek misyonu ile hareket ediyoruz.<\/p>\n<ul>\n<li>Deneyimli plastik cerrahi uzman kadromuz, sa\u00e7 ekiminiz ile ilgili en k\u00fc\u00e7\u00fck detayla dahi titizlikle ilgilenir.<\/li>\n<li>Sa\u00e7 ekiminde son sistem ara\u00e7lar ve teknolojiler kullan\u0131lmaktad\u0131r.<\/li>\n<li>Sa\u00e7 ekiminde en \u00e7ok tercih edilen ve hasta konforunu maksimum seviyede ya\u015fatan Safir ba\u015fl\u0131kl\u0131 FUE tekni\u011fi uygulamas\u0131, \u00f6zel teknikler ile merkezimizde uygulanmaktad\u0131r.<\/li>\n<li>Sa\u00e7 ekiminde en \u00e7ok tercih edilen bir di\u011fer y\u00f6ntem olan DHI (Direct Hair Implantation) tekni\u011fi, Choi ad\u0131 verilen \u00f6zel t\u0131bbi kalemler arac\u0131l\u0131\u011f\u0131yla uygulanmaktad\u0131r.<\/li>\n<li>Merkezimizde; don\u00f6r b\u00f6lgede ve sa\u00e7lar\u0131n ekildi\u011fi sa\u00e7s\u0131z b\u00f6lgelerde % 100 do\u011fall\u0131k esas\u0131yla ekim yap\u0131l\u0131r.<\/li>\n<li>Sa\u00e7 ekiminde do\u011fall\u0131\u011f\u0131n \u00f6nemli noktalar\u0131ndan biri olan \u00d6n Sa\u00e7 \u00c7izgisini belirlemede en y\u00fcksek seviyede hassasiyet g\u00f6sterilir.<\/li>\n<li>Sa\u00e7 ekimi do\u011fall\u0131\u011f\u0131n\u0131 sa\u011flayan ve en \u00f6nemli detay olan greft adeti konusunda hastam\u0131za do\u011fru bilgilendirme yap\u0131l\u0131r.<\/li>\n<li>Sa\u00e7 ekimi i\u00e7in bizi \u0130stanbul d\u0131\u015f\u0131ndan tercih eden hastalar\u0131m\u0131z\u0131n konforu ve sa\u011fl\u0131\u011f\u0131 her \u015feyin \u00f6n\u00fcnde tutulur.<\/li>\n<\/ul>\n<p>Hastalar\u0131m\u0131za ger\u00e7ek greft adetlerini, yap\u0131lan \u00f6n muayenelerde tam adet olarak bildiriyor ve fiyatland\u0131rma konusunda s\u00fcrpriz rakamlarla kar\u015f\u0131la\u015fmalar\u0131n\u0131 \u00f6nl\u00fcyoruz. B\u00f6ylece do\u011fal g\u00f6r\u00fcn\u00fcm i\u00e7in ihtiya\u00e7 duyulacak greft say\u0131s\u0131n\u0131 belirleyerek, istenilen sonuca ula\u015f\u0131lmas\u0131n\u0131 sa\u011fl\u0131yoruz. Hastalar\u0131m\u0131z\u0131n arzu etmeleri halinde; daha \u00f6nce sa\u00e7 ekimi deneyimini Hairfit \u0130stanbul ile ya\u015fayan hastalar\u0131m\u0131z\u0131n deneyimlerini payla\u015ft\u0131klar\u0131 video kay\u0131tlar\u0131n\u0131 izlemek ya da kendileriyle birebir g\u00f6r\u00fc\u015fme imkan\u0131 sunarak sa\u00e7 ekimi ve Hairfit \u0130stanbul konusunda emin olmalar\u0131 i\u00e7in yard\u0131mc\u0131 oluyoruz.<\/p>\n<p>Arzu ederseniz; yurt i\u00e7i ya da yurt d\u0131\u015f\u0131 &#8220;Her \u015fey dahil&#8221; paketlerimizden birini se\u00e7erek, yaln\u0131zca sa\u00e7 ekimi yap\u0131lacak tarihi belirleyerek u\u00e7ak biletiniz, \u0130stanbul&#8217;da konaklayaca\u011f\u0131n\u0131z otel, ula\u015f\u0131m, yemek dahil t\u00fcm ihtiya\u00e7lar\u0131n\u0131z\u0131 biz kar\u015f\u0131l\u0131yoruz.<\/p>\n<p>E\u011fer siz de sa\u00e7\u0131n\u0131z\u0131n g\u00f6r\u00fcn\u00fcm\u00fcn\u00fc iyile\u015ftirmek istiyorsan\u0131z; klini\u011fimizde \u00fccretsiz sa\u00e7 muayenesi ve benzersiz konukseverli\u011fimiz i\u00e7in sizleri de Hairfit \u0130stanbul&#8217;a bekliyoruz.<\/p>\n<p>HairFit \u0130stanbul ile ilgili her konuda <a href=\"https:\/\/www.hairfitistanbul.com\/es\/contacto\/\">bizlere ula\u015fabilirsiniz.<\/a><\/p>\n","protected":false},"excerpt":{"rendered":"<p>Y\u0131llar\u0131n \u0130stanbul&#8217;da sa\u00e7 ekimi deneyimiyle; tam te\u015fekk\u00fcll\u00fc \u00f6zel hastanede, konusunda uzman \u00e7al\u0131\u015fanlar\u0131m\u0131zla ve y\u00fcksek sterilizasyon standartlar\u0131nda, g\u00fcvenilir hizmet vermek misyonu ile hareket ediyoruz. Deneyimli plastik cerrahi uzman kadromuz, sa\u00e7 ekiminiz ile ilgili en k\u00fc\u00e7\u00fck detayla dahi titizlikle ilgilenir. Sa\u00e7 ekiminde son sistem ara\u00e7lar ve teknolojiler kullan\u0131lmaktad\u0131r. Sa\u00e7 ekiminde en \u00e7ok tercih edilen ve hasta konforunu [&hellip;]<\/p>\n","protected":false},"author":1,"featured_media":0,"parent":0,"menu_order":0,"comment_status":"closed","ping_status":"open","template":"templates\/fullwidth.php","meta":{"footnotes":""},"class_list":["post-856","page","type-page","status-publish","hentry"],"aioseo_notices":[],"_links":{"self":[{"href":"https:\/\/www.hairfitistanbul.com\/es\/wp-json\/wp\/v2\/pages\/856","targetHints":{"allow":["GET"]}}],"collection":[{"href":"https:\/\/www.hairfitistanbul.com\/es\/wp-json\/wp\/v2\/pages"}],"about":[{"href":"https:\/\/www.hairfitistanbul.com\/es\/wp-json\/wp\/v2\/types\/page"}],"author":[{"embeddable":true,"href":"https:\/\/www.hairfitistanbul.com\/es\/wp-json\/wp\/v2\/users\/1"}],"replies":[{"embeddable":true,"href":"https:\/\/www.hairfitistanbul.com\/es\/wp-json\/wp\/v2\/comments?post=856"}],"version-history":[{"count":0,"href":"https:\/\/www.hairfitistanbul.com\/es\/wp-json\/wp\/v2\/pages\/856\/revisions"}],"wp:attachment":[{"href":"https:\/\/www.hairfitistanbul.com\/es\/wp-json\/wp\/v2\/media?parent=856"}],"curies":[{"name":"wp","href":"https:\/\/api.w.org\/{rel}","templated":true}]}}