{"id":733,"date":"2019-05-26T21:00:50","date_gmt":"2019-05-26T18:00:50","guid":{"rendered":"https:\/\/www.hairfitistanbul.com\/kas-ekimi\/"},"modified":"2019-06-25T22:47:27","modified_gmt":"2019-06-25T19:47:27","slug":"trasplante-de-cejas","status":"publish","type":"page","link":"https:\/\/www.hairfitistanbul.com\/es\/trasplante-de-cejas\/","title":{"rendered":"Trasplante de Cejas"},"content":{"rendered":"<h2>Trasplante de Cejas<\/h2>\n<p>El trasplante de ceja dura aprox. 2 o 3 horas. El primer paso es dibujar la ceja. La decisi\u00f3n para este paso se toma junto con el paciente.<\/p>\n<p>El trasplante de cejas se realiza bajo anestesia. Despu\u00e9s del dibujo, el segundo paso es sacar los fol\u00edculos pilosos del paciente. Luego, el trasplante se lleva a cabo despu\u00e9s de crear los canales de la ceja. Al igual que el trasplante capilar, el paso m\u00e1s importante del trasplante de cejas es la creaci\u00f3n de los canales. Porque, los canales tienen que estar en la direcci\u00f3n apropiada.<\/p>\n<p><img decoding=\"async\" class=\"wp-image-741 size-medium alignright\" src=\"https:\/\/www.hairfitistanbul.com\/wp-content\/uploads\/2019\/06\/Cejas-300x220.jpg\" alt=\"Trasplante de Cejas\" width=\"300\" height=\"220\" srcset=\"https:\/\/www.hairfitistanbul.com\/wp-content\/uploads\/2019\/06\/Cejas-300x220.jpg 300w, https:\/\/www.hairfitistanbul.com\/wp-content\/uploads\/2019\/06\/Cejas.jpg 554w\" sizes=\"(max-width: 300px) 100vw, 300px\" \/><\/p>\n<p>La operaci\u00f3n de transferencia para las ra\u00edces comenzar\u00e1 despu\u00e9s de la creaci\u00f3n del donante. El trasplante dura aprox. 1 hora. La duraci\u00f3n de la operaci\u00f3n depende de la cantidad de ra\u00edces a trasplantar. La operaci\u00f3n se llevada a cabo por 2 personas. Despu\u00e9s de la operaci\u00f3n, el paciente puede ir c\u00f3modamente a su casa y seguir adelante.<\/p>\n<p>El primer d\u00eda despu\u00e9s del trasplante, el paciente regresar\u00e1 para el primer lavado de cabello. Se informa al paciente sobre las pr\u00f3ximas operaciones de lavado y se finaliza la operaci\u00f3n de trasplante de cejas.<\/p>\n","protected":false},"excerpt":{"rendered":"<p>Trasplante de Cejas El trasplante de ceja dura aprox. 2 o 3 horas. El primer paso es dibujar la ceja. La decisi\u00f3n para este paso se toma junto con el paciente. El trasplante de cejas se realiza bajo anestesia. Despu\u00e9s del dibujo, el segundo paso es sacar los fol\u00edculos pilosos del paciente. Luego, el trasplante [&hellip;]<\/p>\n","protected":false},"author":1,"featured_media":734,"parent":0,"menu_order":0,"comment_status":"closed","ping_status":"closed","template":"templates\/fullwidth.php","meta":{"footnotes":""},"class_list":["post-733","page","type-page","status-publish","has-post-thumbnail","hentry"],"aioseo_notices":[],"_links":{"self":[{"href":"https:\/\/www.hairfitistanbul.com\/es\/wp-json\/wp\/v2\/pages\/733","targetHints":{"allow":["GET"]}}],"collection":[{"href":"https:\/\/www.hairfitistanbul.com\/es\/wp-json\/wp\/v2\/pages"}],"about":[{"href":"https:\/\/www.hairfitistanbul.com\/es\/wp-json\/wp\/v2\/types\/page"}],"author":[{"embeddable":true,"href":"https:\/\/www.hairfitistanbul.com\/es\/wp-json\/wp\/v2\/users\/1"}],"replies":[{"embeddable":true,"href":"https:\/\/www.hairfitistanbul.com\/es\/wp-json\/wp\/v2\/comments?post=733"}],"version-history":[{"count":0,"href":"https:\/\/www.hairfitistanbul.com\/es\/wp-json\/wp\/v2\/pages\/733\/revisions"}],"wp:featuredmedia":[{"embeddable":true,"href":"https:\/\/www.hairfitistanbul.com\/es\/wp-json\/wp\/v2\/media\/734"}],"wp:attachment":[{"href":"https:\/\/www.hairfitistanbul.com\/es\/wp-json\/wp\/v2\/media?parent=733"}],"curies":[{"name":"wp","href":"https:\/\/api.w.org\/{rel}","templated":true}]}}