{"id":715,"date":"2019-05-26T20:59:58","date_gmt":"2019-05-26T17:59:58","guid":{"rendered":"https:\/\/www.hairfitistanbul.com\/dhi-yontemi-ile-sac-ekimi\/"},"modified":"2019-06-25T22:06:39","modified_gmt":"2019-06-25T19:06:39","slug":"como-aplicar-el-trasplante-capilar-dhi","status":"publish","type":"page","link":"https:\/\/www.hairfitistanbul.com\/es\/como-aplicar-el-trasplante-capilar-dhi\/","title":{"rendered":"C\u00f3mo Aplicar El Trasplante Capilar DHI"},"content":{"rendered":"<h2>C\u00f3mo Aplicar El Trasplante Capilar DHI.<\/h2>\n<p>Debes tener su cabello analizado usando los principales dispositivos de alta tecnolog\u00eda. Durante esos an\u00e1lisis, se analizan la estructura, la calidad, la densidad, el \u00edndice de queratina que se considera la materia prima de su cabello, la resistencia de las ra\u00edces de su cabello y su p\u00e9rdida de cabello y las principales razones.<\/p>\n<p>Despu\u00e9s de decidir el m\u00e9todo de trasplante apropiado, se calcula la densidad del \u00e1rea donante y la posible cantidad de injerto para el trasplante.<\/p>\n<p>Antes de la operaci\u00f3n, su cabello se corta a cierta longitud y el dise\u00f1o frontal de su cabello se hace empezando de su barba.<\/p>\n<p>Si su \u00e1rea de p\u00e9rdida de cabello cubre toda el \u00e1rea superior de su cabeza, se requieren 4000 o 7000 fol\u00edculos pilosos del \u00e1rea donante. El \u00e1rea donante desde donde se tomar\u00e1n los fol\u00edculos pilosos, se aplicar\u00e1 la anestesia local o el m\u00e9todo de sedaci\u00f3n que es el \u00faltimo proceso de anestesia.<\/p>\n<p>En la mayor\u00eda de los casos para las operaciones de trasplante de cabello, el \u00e1rea donante ser\u00e1 la parte posterior del cuello. Los fol\u00edculos pilosos se toman con un dispositivo especial sin ning\u00fan da\u00f1o para el cuerpo humano. Diferentemente de otros\u00a0 m\u00e9todos, no se abren huecos en el \u00e1rea de trasplante.<\/p>\n<p>Como hay fol\u00edculos capilares y tejidos en los injertos tomados, se realiza una descomposici\u00f3n antes del trasplante y los fol\u00edculos pilosos se preparan para el trasplante.<\/p>\n<p>Los injertos de pelo se toman con el m\u00e9todo del l\u00e1piz y para proteger la calidad y durabilidad del tejido, el tejido se mantiene con una soluci\u00f3n protectora en los departamentos de tejido simple, doble y triple.<\/p>\n<p>Proteger los fol\u00edculos pilosos de la luz intensa y mantenerlos a una temperatura ambiente adecuada es muy importante para la salud del fol\u00edculo que se va a trasplantar.<\/p>\n<p>Despu\u00e9s de que se toman los tejidos a trasplantar, la operaci\u00f3n de sedaci\u00f3n comienza en el \u00e1rea de trasplante. Nuestro profesional de trasplantes realiza la operaci\u00f3n de trasplante con un dispositivo m\u00e9dico con una forma de l\u00e1piz llamado implanter, porque no se crean canales en este operaci\u00f3n.<\/p>\n<p>Un punto importante a considerar durante el trasplante de los fol\u00edculos al \u00e1rea de trasplante, es colocar los injertos en los l\u00e1pices de implantes uno por uno, considerando sus grosores. Como se planific\u00f3 previamente, la l\u00ednea frontal del cabello ser\u00e1 el \u00e1rea de inicio para el trasplante. Los injertos que se colocan cuidadosamente en l\u00e1pices se trasplantar\u00e1n teniendo en cuenta la orientaci\u00f3n y los \u00e1ngulos naturales de los pelos. Gracias a eso la operaci\u00f3n de trasplante se lleva a cabo protegiendo su cabello existente.<\/p>\n<h3>Proceso de Recuperaci\u00f3n Despu\u00e9s Del Trasplante de Cabello DHI<\/h3>\n<p>Desde el quinto o sexto d\u00eda despu\u00e9s del trasplante, se forman costras en el \u00e1rea de trasplante. Esas costras se curan aprox. dentro de 20 d\u00edas. Nuevos pelos crecen y se hacen visibles aprox. dentro de 3 meses. Tendr\u00e1 todos sus pelos trasplantados crecidos dentro de aproximadamente 1 a\u00f1o.<\/p>\n<p><img decoding=\"async\" class=\"size-medium wp-image-328 alignright\" src=\"https:\/\/www.hairfitistanbul.com\/wp-content\/uploads\/2019\/05\/dhi-ic-300x168.jpg\" alt=\"\" width=\"300\" height=\"168\" srcset=\"https:\/\/www.hairfitistanbul.com\/wp-content\/uploads\/2019\/05\/dhi-ic-300x168.jpg 300w, https:\/\/www.hairfitistanbul.com\/wp-content\/uploads\/2019\/05\/dhi-ic-768x429.jpg 768w, https:\/\/www.hairfitistanbul.com\/wp-content\/uploads\/2019\/05\/dhi-ic-732x409.jpg 732w, https:\/\/www.hairfitistanbul.com\/wp-content\/uploads\/2019\/05\/dhi-ic.jpg 950w\" sizes=\"(max-width: 300px) 100vw, 300px\" \/><\/p>\n<h3>Ventajas Del Trasplante de Cabello DHI<\/h3>\n<ul>\n<li>Como no se crean canales durante la operaci\u00f3n de DHI trasplante de cabello, las costras se curan mucho m\u00e1s r\u00e1pido.<\/li>\n<li>Diferentemente de otros\u00a0 m\u00e9todos, los fol\u00edculos a trasplantar est\u00e1n listos para crecer cuando se trasplantan. Es por eso que sus fol\u00edculos pilosos trasplantados crecen y se desarrollan mucho m\u00e1s r\u00e1pidamente.<\/li>\n<li>Durante el trasplante, gl\u00e1ndulas y la membrana externa protegiendo el fol\u00edculo piloso tambi\u00e9n son trasplantados al \u00e1rea de trasplante.<\/li>\n<li>Bistur\u00ed no se utiliza durante las operaciones de trasplante DHI. Es por eso que el riesgo de infecci\u00f3n durante la operaci\u00f3n es muy bajo. Como la operaci\u00f3n se realiza sin crear agujeros en el cuero cabelludo con el cabello, la operaci\u00f3n se completa sin dolor.<\/li>\n<li>En los otros m\u00e9todos de trasplante de cabello, las partes lineales del cuero cabelludo se toman del cuero cabelludo, lo que hace que las cicatrices sean altamente probables. Gracias a los dispositivos especiales utilizados en el trasplante de cabello DHI, no tendr\u00e1 cicatrices operativas.<\/li>\n<li>Otra diferencia con respecto a otros m\u00e9todos, los fol\u00edculos pilosos se toman uno por uno del \u00e1rea donante y se transfieren inmediatamente al \u00e1rea de trasplante, lo que asegura fol\u00edculos pilosos mucho m\u00e1s saludables.<\/li>\n<li>Con el m\u00e9todo de trasplante capilar DHI, el n\u00famero de trasplantes de fol\u00edculos pilosos es mucho mayor en comparaci\u00f3n con otros m\u00e9todos. Lo que asegura un cabello abundante y fuerte despu\u00e9s del trasplante.<\/li>\n<li>La operaci\u00f3n no incluye ning\u00fan corte de cabello, por lo tanto, la direcci\u00f3n y el \u00e1ngulo de crecimiento del cabello se identifican correctamente. Lo que le da a su cabello un aspecto natural y est\u00e9tico despu\u00e9s de crecer.<\/li>\n<\/ul>\n<p><a href=\"https:\/\/www.hairfitistanbul.com\/es\/contacto\/\">Haga clic<\/a>para contacto<\/p>\n","protected":false},"excerpt":{"rendered":"<p>C\u00f3mo Aplicar El Trasplante Capilar DHI. Debes tener su cabello analizado usando los principales dispositivos de alta tecnolog\u00eda. Durante esos an\u00e1lisis, se analizan la estructura, la calidad, la densidad, el \u00edndice de queratina que se considera la materia prima de su cabello, la resistencia de las ra\u00edces de su cabello y su p\u00e9rdida de cabello [&hellip;]<\/p>\n","protected":false},"author":1,"featured_media":716,"parent":0,"menu_order":0,"comment_status":"closed","ping_status":"closed","template":"templates\/fullwidth.php","meta":{"footnotes":""},"class_list":["post-715","page","type-page","status-publish","has-post-thumbnail","hentry"],"aioseo_notices":[],"_links":{"self":[{"href":"https:\/\/www.hairfitistanbul.com\/es\/wp-json\/wp\/v2\/pages\/715","targetHints":{"allow":["GET"]}}],"collection":[{"href":"https:\/\/www.hairfitistanbul.com\/es\/wp-json\/wp\/v2\/pages"}],"about":[{"href":"https:\/\/www.hairfitistanbul.com\/es\/wp-json\/wp\/v2\/types\/page"}],"author":[{"embeddable":true,"href":"https:\/\/www.hairfitistanbul.com\/es\/wp-json\/wp\/v2\/users\/1"}],"replies":[{"embeddable":true,"href":"https:\/\/www.hairfitistanbul.com\/es\/wp-json\/wp\/v2\/comments?post=715"}],"version-history":[{"count":0,"href":"https:\/\/www.hairfitistanbul.com\/es\/wp-json\/wp\/v2\/pages\/715\/revisions"}],"wp:featuredmedia":[{"embeddable":true,"href":"https:\/\/www.hairfitistanbul.com\/es\/wp-json\/wp\/v2\/media\/716"}],"wp:attachment":[{"href":"https:\/\/www.hairfitistanbul.com\/es\/wp-json\/wp\/v2\/media?parent=715"}],"curies":[{"name":"wp","href":"https:\/\/api.w.org\/{rel}","templated":true}]}}