{"id":678,"date":"2019-05-26T20:59:27","date_gmt":"2019-05-26T17:59:27","guid":{"rendered":"https:\/\/www.hairfitistanbul.com\/fue-yontemi-ile-sac-ekimi\/"},"modified":"2019-06-25T20:56:49","modified_gmt":"2019-06-25T17:56:49","slug":"el-metodo-fue","status":"publish","type":"page","link":"https:\/\/www.hairfitistanbul.com\/es\/el-metodo-fue\/","title":{"rendered":"El M\u00e9todo Fue"},"content":{"rendered":"<h2>El M\u00e9todo Fue<\/h2>\n<p>El m\u00e9todo Fue es la t\u00e9cnica de trasplante de cabello m\u00e1s utilizada actualmente. Es un m\u00e9todo muy apreciado ya que es f\u00e1cil y c\u00f3modo de aplicar y no causa cicatrices despu\u00e9s de la operaci\u00f3n.<\/p>\n<p>El primer paso de la operaci\u00f3n comienza con la toma de fol\u00edculos del cabello del \u00e1rea donante uno a uno, seguido de la trasplante al \u00e1rea sin cabello o al \u00e1rea\u00a0 con una estructura de cabello d\u00e9bil.<\/p>\n<p>Como el paciente estar\u00e1 bajo anestesia, no habr\u00e1 dolor durante la operaci\u00f3n. La operaci\u00f3n se completar\u00e1 bajo anestesia local, por lo que es imposible sentir dolor. En casos muy raros, podr\u00eda ser un dolor sordo despu\u00e9s de la anestesia. Lo que se puede prevenir con un analg\u00e9sico.<\/p>\n<p>Durante la operaci\u00f3n de trasplante bajo anestesia local, el paciente puede c\u00f3modamente conversar, leer el peri\u00f3dico, etc. Durante el trasplante a trav\u00e9s de la t\u00e9cnica FUT, se toma una parte del tejido del \u00e1rea con pelo seguida de una sutura, por lo tanto, despu\u00e9s de la anestesia, puede causar dolor durante el proceso de curaci\u00f3n.<\/p>\n<div class=\"col-lg-6 col-md-6 col-sm-6\">\n<p>Durante la operaci\u00f3n de trasplante bajo anestesia local, el paciente puede c\u00f3modamente conversar, leer el peri\u00f3dico, etc. Durante el trasplante a trav\u00e9s de la t\u00e9cnica FUT, se toma una parte del tejido del \u00e1rea con pelo seguida de una sutura, por lo tanto, despu\u00e9s de la anestesia, puede causar dolor durante el proceso de curaci\u00f3n. ero el m\u00e9todo FUE resolvi\u00f3 este problema.<\/p>\n<p>&nbsp;<\/p>\n<p>Los pacientes no tienen que tener ning\u00fan preocupaci\u00f3n al respecto. Pueden sentirse solo inyecci\u00f3n antes de la anestesia local. Adem\u00e1s de no sentir nada despu\u00e9s de la anestesia, habr\u00e1n olvidado todos sus otros problemas cuando recuperar\u00e1n sus cabellos natural.<\/p>\n<p><\/div><div class=\"col-lg-6 col-md-6 col-sm-6\"><\/div><img decoding=\"async\" class=\"wp-image-291 alignnone\" src=\"https:\/\/www.hairfitistanbul.com\/wp-content\/uploads\/2014\/05\/IMG_3087-225x300.jpg\" alt=\"\" width=\"349\" height=\"465\" srcset=\"https:\/\/www.hairfitistanbul.com\/wp-content\/uploads\/2014\/05\/IMG_3087-225x300.jpg 225w, https:\/\/www.hairfitistanbul.com\/wp-content\/uploads\/2014\/05\/IMG_3087-768x1024.jpg 768w, https:\/\/www.hairfitistanbul.com\/wp-content\/uploads\/2014\/05\/IMG_3087-732x976.jpg 732w, https:\/\/www.hairfitistanbul.com\/wp-content\/uploads\/2014\/05\/IMG_3087-1140x1520.jpg 1140w\" sizes=\"(max-width: 349px) 100vw, 349px\" \/><\/p>\n<h3><\/h3>\n<h3>\u00bfC\u00f3mo se aplica el trasplante con m\u00e9todo FUE?<\/h3>\n<p>El pelo se cortar\u00e1 menos de 1 mm antes del trasplante con el m\u00e9todo FUE. Antes del corte de pelo, el cabello del paciente se fotograf\u00eda con diferentes \u00e1ngulos, se dibuja el \u00e1rea del donante y se analiza el \u00e1rea de trasplante de acuerdo con toda esta informaci\u00f3n. Despu\u00e9s de completar esos pasos, comienza el corte de pelo. El \u00e1rea donante desde donde se tomar\u00e1n los fol\u00edculos se especifica y se anestesia.<\/p>\n<p>El objetivo de esta operaci\u00f3n es prevenir cualquier dolor causado por el trasplante. Todo est\u00e1 planeado para la comodidad del paciente. Durante esta operaci\u00f3n, el corte de cabello no se aplica en el \u00e1rea del donante, por lo que el paciente no sentir\u00e1 ning\u00fan dolor incluso despu\u00e9s de la operaci\u00f3n. El paciente tendr\u00e1 un c\u00f3modo per\u00edodo de recuperaci\u00f3n. Solo sienten muy poco dolor causado por la inyecci\u00f3n para la anestesia.<\/p>\n<h3>Finalizaci\u00f3n del trasplante con m\u00e9todo FUE<\/h3>\n<p>Con el m\u00e9todo FUE, el paciente estar\u00e1 consciente, por lo tanto, durante el trasplante, se podr\u00edan dar breves descansos para permitirle descansar o comer. El paciente puede preguntar lo que quiera al m\u00e9dico e incluso puede ver directamente la operaci\u00f3n.<\/p>\n<p>Despu\u00e9s de completar todas las operaciones, el \u00e1rea donante se pone en vendaje por un d\u00eda.<\/p>\n<h3>R\u00e1pida recuperaci\u00f3n gracias al m\u00e9todo FUE<\/h3>\n<p>El trasplante con m\u00e9todo FUE tiene muchas ventajas. Una de las principales ventajas es la recuperaci\u00f3n muy r\u00e1pida. Micro motor se utiliza para extraer los fol\u00edculos del \u00e1rea donante, lo que garantiza una recuperaci\u00f3n m\u00e1s r\u00e1pida. Otra ventaja del micro motor es obtener un mayor n\u00famero de fol\u00edculos en un per\u00edodo m\u00e1s corto. Cuatro y ocho mil fol\u00edculos pueden ser trasplantados en una sola sesi\u00f3n.<\/p>\n<p>El \u00e1rea del donante no requiere ninguna sutura ni causa dolor, ya que todos los fol\u00edculos se toman uno por uno. Los fol\u00edculos se toman en forma de micro injerto, lo que garantiza una recuperaci\u00f3n muy r\u00e1pida en el \u00e1rea de trasplante. Los pacientes pueden continuar sus actividades diarias el d\u00eda despu\u00e9s de la operaci\u00f3n.<\/p>\n<h3>Condiciones requeridas para un trasplante exitoso<\/h3>\n<p>Para un trasplante exitoso, una apariencia natural es una necesidad.<\/p>\n<p>Las c\u00e9lulas ciliadas donante deber\u00e1n estar en buen estado de salud, la densidad del cabello en el \u00e1rea donante debe ser suficiente para satisfacer la necesidad en el \u00e1rea de trasplante, las hebras deben tener el espesor m\u00ednimo necesario, el \u00e1rea de trasplante debe tener las condiciones necesarias para alimentar suficientemente las c\u00e9lulas trasplantadas, el \u00e1rea de trasplante deber\u00e1 tener las dimensiones m\u00ednimas requeridas. Adem\u00e1s, el m\u00e9dico que realizar\u00e1 la operaci\u00f3n debe tener la experiencia m\u00ednima necesaria y la instalaci\u00f3n de trasplante debe cumplir con todas las condiciones requeridas para la operaci\u00f3n.<\/p>\n<p>&nbsp;<\/p>\n<p><a href=\"https:\/\/www.hairfitistanbul.com\/es\/contacto\/\">Haga clic<\/a> para contacto.<\/p>\n","protected":false},"excerpt":{"rendered":"<p>El M\u00e9todo Fue El m\u00e9todo Fue es la t\u00e9cnica de trasplante de cabello m\u00e1s utilizada actualmente. Es un m\u00e9todo muy apreciado ya que es f\u00e1cil y c\u00f3modo de aplicar y no causa cicatrices despu\u00e9s de la operaci\u00f3n. El primer paso de la operaci\u00f3n comienza con la toma de fol\u00edculos del cabello del \u00e1rea donante uno [&hellip;]<\/p>\n","protected":false},"author":1,"featured_media":679,"parent":0,"menu_order":0,"comment_status":"closed","ping_status":"closed","template":"templates\/fullwidth.php","meta":{"footnotes":""},"class_list":["post-678","page","type-page","status-publish","has-post-thumbnail","hentry"],"aioseo_notices":[],"_links":{"self":[{"href":"https:\/\/www.hairfitistanbul.com\/es\/wp-json\/wp\/v2\/pages\/678","targetHints":{"allow":["GET"]}}],"collection":[{"href":"https:\/\/www.hairfitistanbul.com\/es\/wp-json\/wp\/v2\/pages"}],"about":[{"href":"https:\/\/www.hairfitistanbul.com\/es\/wp-json\/wp\/v2\/types\/page"}],"author":[{"embeddable":true,"href":"https:\/\/www.hairfitistanbul.com\/es\/wp-json\/wp\/v2\/users\/1"}],"replies":[{"embeddable":true,"href":"https:\/\/www.hairfitistanbul.com\/es\/wp-json\/wp\/v2\/comments?post=678"}],"version-history":[{"count":0,"href":"https:\/\/www.hairfitistanbul.com\/es\/wp-json\/wp\/v2\/pages\/678\/revisions"}],"wp:featuredmedia":[{"embeddable":true,"href":"https:\/\/www.hairfitistanbul.com\/es\/wp-json\/wp\/v2\/media\/679"}],"wp:attachment":[{"href":"https:\/\/www.hairfitistanbul.com\/es\/wp-json\/wp\/v2\/media?parent=678"}],"curies":[{"name":"wp","href":"https:\/\/api.w.org\/{rel}","templated":true}]}}